{"id":294,"date":"2015-03-30T12:51:19","date_gmt":"2015-03-30T12:51:19","guid":{"rendered":"http:\/\/verlag-siebzehn.de\/?page_id=294"},"modified":"2026-03-30T14:55:47","modified_gmt":"2026-03-30T14:55:47","slug":"die-edition-17-schauspiel-textauszuege-aus-den-ersten-zwei-baenden","status":"publish","type":"page","link":"https:\/\/verlag-siebzehn.de\/?page_id=294","title":{"rendered":"B\u00fccher"},"content":{"rendered":"\n<h2 class=\"wp-block-heading alignwide has-cyan-bluish-gray-color has-cyan-bluish-gray-background-color has-text-color has-background\" id=\"we-re-a-studio-in-berlin-with-an-international-practice-in-architecture-urban-planning-and-interior-design-we-believe-in-sharing-knowledge-and-promoting-dialogue-to-increase-the-creative-potential-of-collaboration\" style=\"font-size:48px;line-height:1.1\"><span style=\"color: #000000;\"><strong>Edition 17 Schauspiel<\/strong><\/span><\/h2>\n\n\n\n<p>THEATERST\u00dcCKE Band 1 bis 3<br><br>Band 1: Penthesilea; Heinrich von Kleist \/ Hofer Strichfassung Reinhardt Friese<br><br>Band 2: Florentines Weg zur besseren H\u00e4lfte; Ulrich Poessnecker \/ Illustrationen Heike Sch\u00e4fer<br><br>Band 3: Guano oder die Odyssee der V\u00f6gel; Heinrich Waegner <\/p>\n\n\n\n<p><\/p>\n\n\n\n<p><span style=\"color: #003366;\">Alle B\u00e4nde der Edition im Format 14,8 x 21,0 cm, Softcover, 80 bis 110 Seiten, illustriert und mit Text- und Bildanhang. Jeweils EUR 9,80.<\/span><br><\/p>\n\n\n\n<pre class=\"wp-block-preformatted\"><\/pre>\n\n\n\n<h2 class=\"wp-block-heading alignwide has-cyan-bluish-gray-background-color has-background\" id=\"we-re-a-studio-in-berlin-with-an-international-practice-in-architecture-urban-planning-and-interior-design-we-believe-in-sharing-knowledge-and-promoting-dialogue-to-increase-the-creative-potential-of-collaboration\" style=\"font-size:48px;line-height:1.1\"><strong><span style=\"color: #003366;\">B<span style=\"color: #008000;\">U<\/span><span style=\"color: #ff0000;\">N<\/span><span style=\"color: #808000;\">T<\/span>E S<span style=\"color: #ff6600;\">T<\/span>\u00dc<span style=\"color: #ff00ff;\">C<\/span>KE<\/span><\/strong><\/h2>\n\n\n\n<p>Bunte St\u00fccke; Band 1 &amp; 2<\/p>\n\n\n\n<p>Band 1: Ich glaub, mich tritt ein Meerschwein; Ursula Krechel<\/p>\n\n\n\n<p>Band 2: Undine liebt; Jean Giraudoux, \u00dcberarbeitung: Heinrich Waegner und Ulrich Poessnecker<\/p>\n\n\n\n<p><em><span style=\"color: #003366;\">&nbsp;<\/span><\/em><\/p>\n\n\n\n<p class=\"has-vivid-purple-color has-cyan-bluish-gray-background-color has-text-color has-background has-x-large-font-size\">KUNST<\/p>\n\n\n\n<p>Ruth Sedo Malerei<\/p>\n\n\n\n<p>Brosch\u00fcre, Hrsg.: Sophie Sedo, Frankfurt a. M., M\u00e4rz 2026, 28 Seiten, Format 21 x 21 cm, Klammerheftung, durchgehend farbige Abbildungen, inkl. Versand EUR 4,00<\/p>\n\n\n\n<figure class=\"wp-block-image size-medium_large is-resized\"><a href=\"https:\/\/verlag-siebzehn.de\/wp-content\/uploads\/2026\/03\/Broschuere-Sedo-Maerz-2026.png\"><img decoding=\"async\" loading=\"lazy\" src=\"https:\/\/verlag-siebzehn.de\/wp-content\/uploads\/2026\/03\/Broschuere-Sedo-Maerz-2026-768x1050.png\" alt=\"\" class=\"wp-image-1414\" width=\"576\" height=\"788\" srcset=\"https:\/\/verlag-siebzehn.de\/wp-content\/uploads\/2026\/03\/Broschuere-Sedo-Maerz-2026-768x1050.png 768w, https:\/\/verlag-siebzehn.de\/wp-content\/uploads\/2026\/03\/Broschuere-Sedo-Maerz-2026-219x300.png 219w, https:\/\/verlag-siebzehn.de\/wp-content\/uploads\/2026\/03\/Broschuere-Sedo-Maerz-2026-749x1024.png 749w, https:\/\/verlag-siebzehn.de\/wp-content\/uploads\/2026\/03\/Broschuere-Sedo-Maerz-2026-1123x1536.png 1123w, https:\/\/verlag-siebzehn.de\/wp-content\/uploads\/2026\/03\/Broschuere-Sedo-Maerz-2026-1497x2048.png 1497w, https:\/\/verlag-siebzehn.de\/wp-content\/uploads\/2026\/03\/Broschuere-Sedo-Maerz-2026.png 1626w\" sizes=\"(max-width: 576px) 100vw, 576px\" \/><\/a><\/figure>\n\n\n\n<p><\/p>\n\n\n\n<h2 class=\"wp-block-heading alignwide has-vivid-red-color has-cyan-bluish-gray-background-color has-text-color has-background\" id=\"we-re-a-studio-in-berlin-with-an-international-practice-in-architecture-urban-planning-and-interior-design-we-believe-in-sharing-knowledge-and-promoting-dialogue-to-increase-the-creative-potential-of-collaboration\" style=\"font-size:48px;line-height:1.1\">Wild gespielt<\/h2>\n\n\n\n<p>Die vielstimmig erz\u00e4hlte und \u00fcppig bebilderte Historie einer schulischen Theatergruppe. Mit Beitr\u00e4gen ehemalig Beteiligter und Darsteller u. a.: Michael Kessler (TV &#8211; Schauspieler, Kom\u00f6diant, deutscher Fernsehpreis), Jens Harzer (Thalia Theater, Hamburg \/ Berliner Ensemble ab 2025), Reinhardt Friese (ehemals Intendant Theater Hof, Regisseur), Anja S. Gl\u00e4ser (freie Schauspielerin), Ulrich Poessnecker (Spielleiter, Herausgeber), Marianne Kreikenbom (Journalistin). Vorwort des Oberb\u00fcrgermeisters Wiesbaden. <br><br>Ein Buch zum Betrachten, Erinnern, Bl\u00e4ttern und nat\u00fcrlich auch zum Lesen.<\/p>\n\n\n\n<p class=\"has-black-color has-text-color\"><span style=\"color: #003366;\">Ulrich Poessnecker (Hrsg.), Texte von Michael Kessler, Jens Harzer, Reinhardt Friese, Anja S. Gl\u00e4ser, u. a.<\/span><br><br><span style=\"color: #003366;\">Zur Theaterpraxis eines Schultheaters<\/span><br><span style=\"color: #003366;\">St\u00fccke, Gedanken, Geschichten, Auftritte in Fotografien und Berichten. <\/span><br><span style=\"color: #003366;\">Ein gro\u00dfformatiger Text &#8211; und Bildband<\/span>.<br><span style=\"color: #003366;\">Gebunden, mit Leseb\u00e4ndchen, &nbsp;Format 21,5 x 30 cm, vierfarbig, 144 Seiten. Ein Kilo schwer.<\/span><br><span style=\"color: #003366;\">ISBN 978-3-945422-00-7&nbsp;&nbsp;&nbsp;&nbsp; Sonderpreis EUR&nbsp; 12,00 &nbsp; &nbsp; Lieferbar.<\/span><\/p>\n\n\n\n<p><strong><span style=\"color: #003366;\">Bestellen&nbsp;unter : <a href=\"mailto:theater@verlag-siebzehn.de\">theater@verlag-siebzehn.de<\/a><\/span><\/strong><\/p>\n\n\n\n<figure class=\"wp-block-image size-large\"><a href=\"https:\/\/verlag-siebzehn.de\/wp-content\/uploads\/2015\/03\/Titel-Wild-gespielt-Neuer-Preis.jpg\"><img decoding=\"async\" loading=\"lazy\" width=\"1024\" height=\"721\" src=\"https:\/\/verlag-siebzehn.de\/wp-content\/uploads\/2015\/03\/Titel-Wild-gespielt-Neuer-Preis-1024x721.jpg\" alt=\"\" class=\"wp-image-1123\" srcset=\"https:\/\/verlag-siebzehn.de\/wp-content\/uploads\/2015\/03\/Titel-Wild-gespielt-Neuer-Preis-1024x721.jpg 1024w, https:\/\/verlag-siebzehn.de\/wp-content\/uploads\/2015\/03\/Titel-Wild-gespielt-Neuer-Preis-300x211.jpg 300w, https:\/\/verlag-siebzehn.de\/wp-content\/uploads\/2015\/03\/Titel-Wild-gespielt-Neuer-Preis.jpg 1476w\" sizes=\"(max-width: 1024px) 100vw, 1024px\" \/><\/a><\/figure>\n\n\n\n<p><\/p>\n\n\n\n<p><\/p>\n\n\n\n<p><\/p>\n\n\n\n<p><\/p>\n\n\n\n<h2 class=\"wp-block-heading alignwide has-black-color has-cyan-bluish-gray-background-color has-text-color has-background\" id=\"we-re-a-studio-in-berlin-with-an-international-practice-in-architecture-urban-planning-and-interior-design-we-believe-in-sharing-knowledge-and-promoting-dialogue-to-increase-the-creative-potential-of-collaboration\" style=\"font-size:48px;line-height:1.1\"><span style=\"color: #ff0000;\">Ich glaub, mich tritt ein Meerschwein \/  <span style=\"color: #000000;\">Ursula Krechel<\/span><\/span><\/h2>\n\n\n\n<p><span style=\"color: #003366;\">Das wirklich etwas andere Theaterst\u00fcck f\u00fcr Mutige \/ Junge \/ Fantasievolle. Eine Herausforderung f\u00fcr Spielleiterinnen und Spielleiter. Ein Theaterst\u00fcck aus&nbsp;Literatur und Poesie. Mit vielen, unglaublichen Rollenfiguren.&nbsp;<\/span><\/p>\n\n\n\n<p><span style=\"color: #003366;\">F\u00fcr gro\u00dfe Gruppen und Freunde des chorischen Theaterspiels. Ein Text wie Musik. Rhythmisch,&nbsp;mit Wellenrauschen und Bewegungen wie ein st\u00fcrmisches&nbsp;St\u00fcck Meer. Von der Gewinnerin des deutschen Buchpreises 2012. <\/span><\/p>\n\n\n\n<p><span style=\"color: #003366;\">Mit dem St\u00fcck &#8222;Ich glaub, mich tritt ein Meerschwein&#8220; gewann Ursula Krechel den Jugend-Dramatiker-Preis der Stadt M\u00fcnchen.&nbsp;<\/span><\/p>\n\n\n\n<figure class=\"wp-block-image size-full\"><a href=\"https:\/\/verlag-siebzehn.de\/wp-content\/uploads\/2016\/09\/Meerschwein.jpg\"><img decoding=\"async\" loading=\"lazy\" width=\"488\" height=\"693\" src=\"https:\/\/verlag-siebzehn.de\/wp-content\/uploads\/2016\/09\/Meerschwein.jpg\" alt=\"\" class=\"wp-image-966\" srcset=\"https:\/\/verlag-siebzehn.de\/wp-content\/uploads\/2016\/09\/Meerschwein.jpg 488w, https:\/\/verlag-siebzehn.de\/wp-content\/uploads\/2016\/09\/Meerschwein-211x300.jpg 211w\" sizes=\"(max-width: 488px) 100vw, 488px\" \/><\/a><\/figure>\n\n\n\n<p><span style=\"color: #003366;\"><strong>Lieferbar. \/ Einzelpreis &nbsp;EUR 8,50<\/strong><br><\/span><\/p>\n\n\n\n<p><span style=\"color: #003366;\">Folgende Rollenfiguren gibt es u. a. zu besetzen: Den&nbsp;Meeresgrund, das Meer (<span style=\"caret-color: #003366;\">je mehr Spieler es darstellen, um so st\u00fcrmischer und aufgew\u00fchlter ist es<\/span>), die Fischst\u00e4bchen (auch chorisch zu spielen!), einen Meersalzstreuer, Barbie (die blonde Puppensch\u00f6nheit), einige gegrillte W\u00fcrstchen, ein oder zwei Taucher, Eisverk\u00e4ufer und den kleinen H\u00e4welmann. Bezaubernd und vielfarbig. Kommentiert und analysiert von Frau Prof. Dr. Ulrike Sprenger, Universit\u00e4t Konstanz.<\/span><br><\/p>\n\n\n\n<p><strong><span style=\"color: #003366;\">Bestellung&nbsp;unter : <a href=\"mailto:theater@verlag-siebzehn.de\">theater@verlag-siebzehn.de<\/a><\/span><\/strong><\/p>\n\n\n\n<p><\/p>\n\n\n\n<p><\/p>\n\n\n\n<p><\/p>\n\n\n\n<h2 class=\"wp-block-heading alignwide has-cyan-bluish-gray-background-color has-background\" id=\"we-re-a-studio-in-berlin-with-an-international-practice-in-architecture-urban-planning-and-interior-design-we-believe-in-sharing-knowledge-and-promoting-dialogue-to-increase-the-creative-potential-of-collaboration\" style=\"font-size:48px;line-height:1.1\"><span style=\"color: #000080;\"><strong>Penthesilea \/ Heinrich von Kleist <\/strong><\/span><\/h2>\n\n\n\n<pre class=\"wp-block-preformatted\"><span style=\"color: #003366;\"><strong>In der Strichfassung von Reinhardt Friese<\/strong><br><\/span><\/pre>\n\n\n\n<pre class=\"wp-block-preformatted\"><span style=\"color: #003366;\">Das ehemals unspielbare St\u00fcck einer t\u00f6dlichen Liebe. Noch immer eigentlich unentdeckt. Radikal verdichtet und spielbereit geworden durch diese Bearbeitung des ehemaligen Intendanten des Hofer Theaters, Reinhardt Friese.&nbsp;<\/span><\/pre>\n\n\n\n<pre class=\"wp-block-preformatted\"><span style=\"color: #003366;\"><span style=\"color: #000080;\"><strong>Edition 17 Schauspiel \/EUR 9,80 \/ lieferbar.<\/strong><\/span><br><\/span><\/pre>\n\n\n\n<figure class=\"wp-block-image size-full is-resized\"><a href=\"https:\/\/verlag-siebzehn.de\/wp-content\/uploads\/2014\/08\/Edition-17-Schauspiel-Band-1.jpg\"><img decoding=\"async\" loading=\"lazy\" src=\"https:\/\/verlag-siebzehn.de\/wp-content\/uploads\/2014\/08\/Edition-17-Schauspiel-Band-1.jpg\" alt=\"\" class=\"wp-image-1165\" width=\"490\" height=\"696\" srcset=\"https:\/\/verlag-siebzehn.de\/wp-content\/uploads\/2014\/08\/Edition-17-Schauspiel-Band-1.jpg 653w, https:\/\/verlag-siebzehn.de\/wp-content\/uploads\/2014\/08\/Edition-17-Schauspiel-Band-1-211x300.jpg 211w\" sizes=\"(max-width: 490px) 100vw, 490px\" \/><\/a><\/figure>\n\n\n\n<p><\/p>\n\n\n\n<p><\/p>\n\n\n\n<h2 class=\"wp-block-heading alignwide has-cyan-bluish-gray-background-color has-background\" id=\"we-re-a-studio-in-berlin-with-an-international-practice-in-architecture-urban-planning-and-interior-design-we-believe-in-sharing-knowledge-and-promoting-dialogue-to-increase-the-creative-potential-of-collaboration\" style=\"font-size:48px;line-height:1.1\"><span style=\"color: #003366;\"><span style=\"color: #000080;\"><strong>Florentines Weg zur besseren H\u00e4lfte \/  Ulrich Poessnecker<\/strong><\/span><br><\/span><\/h2>\n\n\n\n<pre class=\"wp-block-preformatted has-vivid-red-color has-text-color\"><span style=\"color: #003366;\">Ulrich Poessneckers z. T. in bayerischer Mundart geschriebene St\u00fcck erz\u00e4hlt die Geschichte eines&nbsp;eigenwilligen Dichterkreises, in der Mitte die M\u00e4\u00adze\u00adnin Florentine Reis. F\u00fcr gr\u00f6\u00dfere Spielgruppen geeignet. 20 Rollen. <\/span>\n\n<span style=\"color: #003366;\">Im Kern stellt das St\u00fcck eine eigenwillige Frage, n\u00e4mlich, hilft weibliche, poetische Sensibilit\u00e4t bei der Wahl des Ehegatten? Alles gut und sch\u00f6n, w\u00e4ren da nicht die b\u00f6sen, zaubernden klugen, heftigen Schwestern Stanze und Marga L\u00f6wenstein!<\/span>\n<span style=\"color: #003366;\"> <\/span>\n<span style=\"color: #003366;\">Was passiert dort&nbsp;im sch\u00f6nen Chiemgau? Wo pl\u00f6tzlich der eigenartige M\u00fcnchner Musiker Kurt Lindenberg ins am\u00fcsante Spiel trudelt. Er ist ein S\u00e4nger ohne Ideal. Ein Frauentyp, der so manche Sackgasse seines Lebens wieder verlassen konnte.<\/span> \n<span style=\"color: #003366;\"> <\/span>\nEin Theaterst\u00fcck als m\u00f6gliche Zumutung, stellenweise schwer lesbar, da mit bayerischer Klangsprache in gr\u00f6\u00dferen Abschnitten. Weltfremd. Aber konsequent in der gew\u00e4hlten Weise.<\/pre>\n\n\n\n<pre class=\"wp-block-preformatted\"><span style=\"color: #003366;\">109 Seiten\/ Format A5\/ Illustrationen von Heike Sch\u00e4fer, Wien.<\/span><\/pre>\n\n\n\n<pre class=\"wp-block-preformatted\"><span style=\"color: #003366;\"><span style=\"color: #000080;\"><strong>Edition 17 Schauspiel \/ EUR 9,80 \/Lieferbar.<\/strong><\/span><br><\/span><\/pre>\n\n\n\n<figure class=\"wp-block-image size-full is-resized\"><a href=\"https:\/\/verlag-siebzehn.de\/wp-content\/uploads\/2014\/10\/Edition-17-Band-2-Florentine.jpg\"><img decoding=\"async\" loading=\"lazy\" src=\"https:\/\/verlag-siebzehn.de\/wp-content\/uploads\/2014\/10\/Edition-17-Band-2-Florentine.jpg\" alt=\"\" class=\"wp-image-445\" width=\"490\" height=\"696\" srcset=\"https:\/\/verlag-siebzehn.de\/wp-content\/uploads\/2014\/10\/Edition-17-Band-2-Florentine.jpg 653w, https:\/\/verlag-siebzehn.de\/wp-content\/uploads\/2014\/10\/Edition-17-Band-2-Florentine-211x300.jpg 211w\" sizes=\"(max-width: 490px) 100vw, 490px\" \/><\/a><\/figure>\n\n\n\n<p><\/p>\n\n\n\n<p><\/p>\n\n\n\n<p><\/p>\n\n\n\n<h2 class=\"wp-block-heading alignwide has-cyan-bluish-gray-background-color has-background\" id=\"we-re-a-studio-in-berlin-with-an-international-practice-in-architecture-urban-planning-and-interior-design-we-believe-in-sharing-knowledge-and-promoting-dialogue-to-increase-the-creative-potential-of-collaboration\" style=\"font-size:48px;line-height:1.1\"><span style=\"color: #003366;\"><span style=\"color: #000080;\"><strong>Guano oder die Odyssee der V\u00f6gel \/  Heinrich Waegner<\/strong><\/span><br><\/span><\/h2>\n\n\n\n<pre class=\"wp-block-preformatted\"><span style=\"color: #003366;\">Waegners St\u00fcck hat das Zeug zum Klassiker des Schultheaters. Die ernste und zugleich auch heitere Geschichte des Versuchs, Gl\u00fcck zu finden. <\/span>\n<span style=\"color: #003366;\">Ein sicher wichtiges, sehr gut spielbares und erprobtes Theaterst\u00fcck auch f\u00fcr j\u00fcngere und gr\u00f6\u00dfere Spielgruppen. Bereits ab Klassenstufe 5 bestens geeignet. Vom Herausgeber <\/span>illustriert.<\/pre>\n\n\n\n<pre class=\"wp-block-preformatted\"><span style=\"color: #003366;\"><span style=\"color: #000080;\"><strong>EDITION 17 Schauspiel; EUR 9,80 \/ Lieferbar.<\/strong><\/span><br><\/span><\/pre>\n\n\n\n<figure class=\"wp-block-image size-full is-resized\"><a href=\"https:\/\/verlag-siebzehn.de\/wp-content\/uploads\/2015\/03\/Edition-17-Guano1.png\"><img decoding=\"async\" loading=\"lazy\" src=\"https:\/\/verlag-siebzehn.de\/wp-content\/uploads\/2015\/03\/Edition-17-Guano1.png\" alt=\"\" class=\"wp-image-1003\" width=\"491\" height=\"696\" srcset=\"https:\/\/verlag-siebzehn.de\/wp-content\/uploads\/2015\/03\/Edition-17-Guano1.png 654w, https:\/\/verlag-siebzehn.de\/wp-content\/uploads\/2015\/03\/Edition-17-Guano1-211x300.png 211w\" sizes=\"(max-width: 491px) 100vw, 491px\" \/><\/a><\/figure>\n\n\n\n<p><\/p>\n\n\n\n<p><\/p>\n\n\n\n<h2 class=\"wp-block-heading alignwide has-cyan-bluish-gray-background-color has-background\" id=\"we-re-a-studio-in-berlin-with-an-international-practice-in-architecture-urban-planning-and-interior-design-we-believe-in-sharing-knowledge-and-promoting-dialogue-to-increase-the-creative-potential-of-collaboration\" style=\"font-size:48px;line-height:1.1\"><span style=\"color: #000080;\"><strong>Undine liebt <\/strong><\/span>\/<span style=\"color: #000080;\"><strong> Jean Giraudoux<\/strong><\/span><\/h2>\n\n\n\n<pre class=\"wp-block-preformatted\"><span style=\"color: #000080;\">Das romantische Kunstm\u00e4rchen in einer Neubearbeitung von Heinrich Waegner und Ulrich Poessnecker. Hier neu eingerichtet f\u00fcr das Spiel im Schultheater. Von Fatima Sinouh illustriert. Layout und Grafik von Hans Georg Schneider Design, Wiesbaden.<\/span><\/pre>\n\n\n\n<pre class=\"wp-block-preformatted\"><span style=\"color: #000080;\"><strong>BUNTE ST\u00dcCKE Heft 2. Hardcover \/ durchgehend farbig illustriert \/ EUR 14,80 \/ Lieferbar.<\/strong><\/span><\/pre>\n\n\n\n<p>&nbsp;<\/p>\n\n\n\n<figure class=\"wp-block-image is-resized\"><img decoding=\"async\" loading=\"lazy\" src=\"https:\/\/verlag-siebzehn.de\/wp-content\/uploads\/2015\/03\/Undine-Schultheater-Titelseite-Verlag-Siebzehn-2019-722x1024.jpg\" alt=\"Undine, Schultheater, Titelseite, Verlag Siebzehn, 2019\" class=\"wp-image-1161\" width=\"542\" height=\"768\" srcset=\"https:\/\/verlag-siebzehn.de\/wp-content\/uploads\/2015\/03\/Undine-Schultheater-Titelseite-Verlag-Siebzehn-2019-722x1024.jpg 722w, https:\/\/verlag-siebzehn.de\/wp-content\/uploads\/2015\/03\/Undine-Schultheater-Titelseite-Verlag-Siebzehn-2019-211x300.jpg 211w, https:\/\/verlag-siebzehn.de\/wp-content\/uploads\/2015\/03\/Undine-Schultheater-Titelseite-Verlag-Siebzehn-2019.jpg 1748w\" sizes=\"(max-width: 542px) 100vw, 542px\" \/><\/figure>\n\n\n\n<p><\/p>\n\n\n\n<p><\/p>\n\n\n\n<p><\/p>\n\n\n\n<p><\/p>\n\n\n\n<figure class=\"wp-block-image size-full is-resized\"><a href=\"https:\/\/verlag-siebzehn.de\/wp-content\/uploads\/2015\/03\/Logo-Verlag-Siebzehn-2016.jpg.jpg\"><img decoding=\"async\" loading=\"lazy\" src=\"https:\/\/verlag-siebzehn.de\/wp-content\/uploads\/2015\/03\/Logo-Verlag-Siebzehn-2016.jpg.jpg\" alt=\"\" class=\"wp-image-1163\" width=\"109\" height=\"104\" srcset=\"https:\/\/verlag-siebzehn.de\/wp-content\/uploads\/2015\/03\/Logo-Verlag-Siebzehn-2016.jpg.jpg 741w, https:\/\/verlag-siebzehn.de\/wp-content\/uploads\/2015\/03\/Logo-Verlag-Siebzehn-2016.jpg-300x285.jpg 300w\" sizes=\"(max-width: 109px) 100vw, 109px\" \/><\/a><\/figure>\n\n\n\n<h3 class=\"wp-block-heading\">&nbsp;<\/h3>\n\n\n\n<p><span style=\"color: #003366;\">&nbsp;<\/span><\/p>\n\n\n\n<p><span style=\"color: #003366;\">Alle Rechte vorbehalten \u00a9 Verlag Siebzehn, R\u00fcdesheim am Rhein 202<\/span>6<\/p>\n","protected":false},"excerpt":{"rendered":"<p>Edition 17 Schauspiel THEATERST\u00dcCKE Band 1 bis 3 Band 1: Penthesilea; Heinrich von Kleist \/ Hofer Strichfassung Reinhardt Friese Band 2: Florentines Weg zur besseren H\u00e4lfte; Ulrich Poessnecker \/ Illustrationen Heike Sch\u00e4fer Band 3: Guano oder die Odyssee der V\u00f6gel; Heinrich Waegner Alle B\u00e4nde der Edition im Format 14,8 x 21,0 cm, Softcover, 80 bis &#8230; <span class=\"more\"><a class=\"more-link\" href=\"https:\/\/verlag-siebzehn.de\/?page_id=294\">[Read more&#8230;]<\/a><\/span><\/p>\n","protected":false},"author":1,"featured_media":12,"parent":0,"menu_order":2,"comment_status":"closed","ping_status":"closed","template":"","meta":[],"_links":{"self":[{"href":"https:\/\/verlag-siebzehn.de\/index.php?rest_route=\/wp\/v2\/pages\/294"}],"collection":[{"href":"https:\/\/verlag-siebzehn.de\/index.php?rest_route=\/wp\/v2\/pages"}],"about":[{"href":"https:\/\/verlag-siebzehn.de\/index.php?rest_route=\/wp\/v2\/types\/page"}],"author":[{"embeddable":true,"href":"https:\/\/verlag-siebzehn.de\/index.php?rest_route=\/wp\/v2\/users\/1"}],"replies":[{"embeddable":true,"href":"https:\/\/verlag-siebzehn.de\/index.php?rest_route=%2Fwp%2Fv2%2Fcomments&post=294"}],"version-history":[{"count":120,"href":"https:\/\/verlag-siebzehn.de\/index.php?rest_route=\/wp\/v2\/pages\/294\/revisions"}],"predecessor-version":[{"id":1416,"href":"https:\/\/verlag-siebzehn.de\/index.php?rest_route=\/wp\/v2\/pages\/294\/revisions\/1416"}],"wp:featuredmedia":[{"embeddable":true,"href":"https:\/\/verlag-siebzehn.de\/index.php?rest_route=\/wp\/v2\/media\/12"}],"wp:attachment":[{"href":"https:\/\/verlag-siebzehn.de\/index.php?rest_route=%2Fwp%2Fv2%2Fmedia&parent=294"}],"curies":[{"name":"wp","href":"https:\/\/api.w.org\/{rel}","templated":true}]}}