{"id":74,"date":"2014-08-06T22:05:56","date_gmt":"2014-08-06T22:05:56","guid":{"rendered":"http:\/\/verlag-siebzehn.de\/?page_id=74"},"modified":"2024-06-05T14:06:46","modified_gmt":"2024-06-05T14:06:46","slug":"shop","status":"publish","type":"page","link":"https:\/\/verlag-siebzehn.de\/?page_id=74","title":{"rendered":"Kontakt"},"content":{"rendered":"<h5 style=\"text-align: justify;\"><\/h5>\n<h4><\/h4>\n<h4><span style=\"color: #003366;\">Guten Tag,<br \/>\n<\/span><\/h4>\n<p style=\"text-align: justify;\"><span style=\"color: #000080;\">wir freuen uns, dass Sie sich f\u00fcr unser Verlagsprogramm interessieren. Exemplare unserer Neuerscheinungen, welche Sie vom Verlag als Freiexemplar f\u00fcr Ihre Besprechung ben\u00f6tigen, werden gerne nach Anfrage an Rezensentinnen und Rezensenten kostenfrei verschickt. Bitte haben Sie hierbei Verst\u00e4ndnis daf\u00fcr, dass die Pressekontingente limitiert sind und wir nicht jedem Wunsch nachkommen k\u00f6nnen. Bitte benennen Sie uns Ihr Medium in dem Sie Ihre Buchbesprechung ver\u00f6ffentlichen wollen. Danke.<\/span><\/p>\n<p style=\"text-align: justify;\"><span style=\"color: #000080;\">Bestellungen k\u00f6nnen Sie direkt bei uns vornehmen. Wir liefern per Postzustellung der Deutschen Post.\u00a0<\/span><\/p>\n<p style=\"text-align: justify;\"><span style=\"color: #000080;\">Bei Bestellungen aus der Kunst &#8211; Edition 2023 bitten wir um pers\u00f6nliche Kontaktaufnahme. Wir er\u00f6rtern die M\u00f6glichkeiten und Umst\u00e4nde der Lieferung im konkreten Fall.\u00a0<\/span><\/p>\n<h5><span style=\"color: #003366;\">Kontaktadressen : <\/span><\/h5>\n<h4><strong><span style=\"color: #003366;\">Atelier Poessnecker \/ Verlag Siebzehn<\/span><\/strong><\/h4>\n<h4><strong><span style=\"color: #003366;\">Am Rottland 6<\/span><\/strong><\/h4>\n<h4><strong>65385 R\u00fcdesheim am Rhein<\/strong><\/h4>\n<h5><span style=\"color: #003366;\">E-Mail:\u00a0\u00a0 <a href=\"mailto:theater@verlag-siebzehn.de\" target=\"_blank\" rel=\"noopener\">theater@verlag-siebzehn.de<\/a><\/span><\/h5>\n<h5><span style=\"color: #003366;\"><em>Besuchen Sie uns gerne auch bei facebook<\/em><\/span><\/h5>\n<h5><\/h5>\n","protected":false},"excerpt":{"rendered":"<p>Guten Tag, wir freuen uns, dass Sie sich f\u00fcr unser Verlagsprogramm interessieren. Exemplare unserer Neuerscheinungen, welche Sie vom Verlag als Freiexemplar f\u00fcr Ihre Besprechung ben\u00f6tigen, werden gerne nach Anfrage an Rezensentinnen und Rezensenten kostenfrei verschickt. Bitte haben Sie hierbei Verst\u00e4ndnis daf\u00fcr, dass die Pressekontingente limitiert sind und wir nicht jedem Wunsch nachkommen k\u00f6nnen. Bitte benennen &#8230; <span class=\"more\"><a class=\"more-link\" href=\"https:\/\/verlag-siebzehn.de\/?page_id=74\">[Read more&#8230;]<\/a><\/span><\/p>\n","protected":false},"author":2,"featured_media":0,"parent":0,"menu_order":5,"comment_status":"closed","ping_status":"closed","template":"","meta":[],"_links":{"self":[{"href":"https:\/\/verlag-siebzehn.de\/index.php?rest_route=\/wp\/v2\/pages\/74"}],"collection":[{"href":"https:\/\/verlag-siebzehn.de\/index.php?rest_route=\/wp\/v2\/pages"}],"about":[{"href":"https:\/\/verlag-siebzehn.de\/index.php?rest_route=\/wp\/v2\/types\/page"}],"author":[{"embeddable":true,"href":"https:\/\/verlag-siebzehn.de\/index.php?rest_route=\/wp\/v2\/users\/2"}],"replies":[{"embeddable":true,"href":"https:\/\/verlag-siebzehn.de\/index.php?rest_route=%2Fwp%2Fv2%2Fcomments&post=74"}],"version-history":[{"count":46,"href":"https:\/\/verlag-siebzehn.de\/index.php?rest_route=\/wp\/v2\/pages\/74\/revisions"}],"predecessor-version":[{"id":1221,"href":"https:\/\/verlag-siebzehn.de\/index.php?rest_route=\/wp\/v2\/pages\/74\/revisions\/1221"}],"wp:attachment":[{"href":"https:\/\/verlag-siebzehn.de\/index.php?rest_route=%2Fwp%2Fv2%2Fmedia&parent=74"}],"curies":[{"name":"wp","href":"https:\/\/api.w.org\/{rel}","templated":true}]}}