{"id":78,"date":"2014-08-07T09:04:02","date_gmt":"2014-08-07T09:04:02","guid":{"rendered":"http:\/\/verlag-siebzehn.de\/?page_id=78"},"modified":"2024-06-07T11:47:26","modified_gmt":"2024-06-07T11:47:26","slug":"impressum","status":"publish","type":"page","link":"https:\/\/verlag-siebzehn.de\/?page_id=78","title":{"rendered":"Impressum"},"content":{"rendered":"<p><strong>Versandkosten<\/strong><br \/>\nVerlag Siebzehn liefert ohne Mindestbestellwert bei Lieferungen innerhalb Deutschlands. Die anteiligen Versandkosten betragen je Lieferung EUR 2,&#8211;.<br \/>\nAb einem Warenwert von EUR 50,&#8211; liefern wir innerhalb Deutschlands versandkostenfrei.<br \/>\nBei Lieferungen ins Ausland: Bei Lieferungen ins Ausland fallen je Lieferung zus\u00e4tzlich zum Warenwert die realen Versandkosten an. Lieferungen ins Ausland sind nur m\u00f6glich gegen Vorauskasse. Etwaige Steuern und Z\u00f6lle werden vom Verlag Siebzehn nicht \u00fcbernommen.<\/p>\n<hr \/>\n<p><strong>AGB<\/strong><\/p>\n<p><strong>Lieferung<\/strong><br \/>\nDie Lieferung erfolgt durch den Verlag Siebzehn \/ Atelier Poessnecker, Am Rottland 6, 65385 R\u00fcdesheim am Rhein und wird der Post in der Regel innerhalb von 2 bis 3 Tagen nach Zahlungseingang \u00fcbergeben.<\/p>\n<p><strong>Preise<\/strong><br \/>\nAlle angegebenen Artikelpreise sind Endpreise in EURO inklusive 7% MwSt. bzw. 19% MwSt. zuz\u00fcglich der Versandkosten ( s.o.), deren H\u00f6he sich nach Lieferanschrift (Land) und gew\u00fcnschter Versandart richtet. Es gelten die Preise zum Zeitpunkt der Bestellung. Verlag Siebzehn gibt keine Liefergarantie. Hier gilt: Lieferung nur solange der Vorrat reicht.<\/p>\n<p><strong>Garantie<\/strong><br \/>\nDie Verj\u00e4hrungsfrist f\u00fcr gesetzliche Gew\u00e4hrleistungsanspr\u00fcche betr\u00e4gt zwei Jahre.<\/p>\n<p><strong>Datenschutz<\/strong><br \/>\nIhre Daten werden selbstverst\u00e4ndlich vertraulich behandelt. Ihre Angaben werden weder an Dritte weitergegeben, noch verkauft oder Anderen zur Nutzung \u00fcberlassen. Ihre Daten dienen lediglich dazu, Ihre Bestellung reibungslos zu bearbeiten und Ihnen die gew\u00fcnschten Produkte schnellstm\u00f6glich im gew\u00fcnschten Umfang zukommen zu lassen. Ihre Bestellungen werden bei Verlag Siebzehn gespeichert. Sollten Sie Ihre Unterlagen zu Ihrer Bestellung verlieren, wenden Sie sich bitte an uns. Wir senden Ihnen gerne eine Kopie der Daten Ihrer Bestellung zu.<\/p>\n<p><strong>Zahlungsbedingungen<\/strong><br \/>\nWir liefern grunds\u00e4tzlich nur gegen Vorkasse.<br \/>\n<strong>Vorkasse-Rechnung:<\/strong> Sie erhalten nach Bestellungseingang zun\u00e4chst vom Verlag Siebzehn eine automatische Best\u00e4tigungsmail. Wir schicken Ihnen dann eine pers\u00f6nliche e-mail, der Sie den zu \u00fcberweisenden Rechnungsbetrag sowie die Angaben zur Bankverbindung entnehmen k\u00f6nnen. Auf Wunsch schicken wir Ihnen auch gerne eine postalische Vorkasse-Rechnung. Die Lieferung der Ware erfolgt in der Regel 2-3 Tage nach Zahlungseingang. Lieferungen ins Ausland sind grunds\u00e4tzlich nur gegen Vorauskasse m\u00f6glich.<\/p>\n<p><strong>Widerrufsbelehrung<\/strong><\/p>\n<p><strong>Widerrufsrecht<\/strong><\/p>\n<p>Sie haben das Recht, binnen vierzehn Tagen ohne Angabe von Gr\u00fcnden diesen Vertrag zu widerrufen. Die Widerrufsfrist betr\u00e4gt vierzehn Tage ab dem Tag, an dem Sie oder ein von Ihnen benannter Dritter, der nicht der Bef\u00f6rderer ist, die letzte Ware in Besitz genommen haben oder hat.<br \/>\nUm Ihr Widerrufsrecht auszu\u00fcben, m\u00fcssen Sie uns, Verlag Siebzehn \/ Atelier Poessnecker, Am Rottland 6, 65385 R\u00fcdesheim am Rhein bzw. theater@verlag-siebzehn.de mittels einer eindeutigen Erkl\u00e4rung (z.B. E-Mail oder ein mit der Post versandter Brief) \u00fcber Ihren Entschluss, diesen Vertrag zu widerrufen, informieren.<br \/>\nZur Wahrung der Widerrufsfrist reicht es aus, dass Sie die Mitteilung \u00fcber die Aus\u00fcbung des Widerrufsrechts vor Ablauf der Widerrufsfrist absenden.<\/p>\n<p><strong>Folgen des Widerrufs<\/strong><\/p>\n<p>Wenn Sie diesen Vertrag widerrufen, haben wir Ihnen alle Zahlungen, die wir von Ihnen erhalten haben, einschlie\u00dflich der Lieferkosten (mit Ausnahme der zus\u00e4tzlichen Kosten, die sich daraus ergeben, dass Sie eine andere Art der Lieferung als die von uns angebotene, g\u00fcnstigste Standardlieferung gew\u00e4hlt haben), unverz\u00fcglich und sp\u00e4testens binnen vierzehn Tagen ab dem Tag zur\u00fcckzuzahlen, an dem die Mitteilung \u00fcber Ihren Widerrruf dieses Vertrags bei uns eingegangen ist. F\u00fcr diese R\u00fcckzahlung verwenden wir dasselbe Zahlungsmittel, das Sie bei der urspr\u00fcnglichen Transaktion eingesetzt haben, es sei denn, mit Ihnen wurde ausdr\u00fccklich etwas anderes vereinbart; in keinem Fall werden Ihnen wegen dieser R\u00fcckzahlung Entgelte berechnet. Wir k\u00f6nnen die R\u00fcckzahlung verweigern, bis wir die Waren wieder zur\u00fcckerhalten haben oder bis Sie den Nachweis erbracht haben, dass Sie die Waren zur\u00fcckgesandt haben, je nachdem, welches der fr\u00fchere Zeitpunkt ist.<\/p>\n<p>Sie haben die Waren unverz\u00fcglich und in jedem Fall sp\u00e4testens binnen vierzehn Tagen ab dem Tag, an dem Sie uns \u00fcber den Widerruf dieses Vertrags unterrichten, an Verlag Siebzehn zur\u00fcckzusenden oder zu \u00fcbergeben. Die Frist ist gewahrt, wenn Sie die Waren vor Ablauf der Frist von vierzehn Tagen absenden. Sie tragen die unmittelbaren Kosten der R\u00fccksendung der Waren.<br \/>\nSie m\u00fcssen f\u00fcr einen etwaigen Wertverlust der Waren nur aufkommen, wenn dieser Wertverlust auf einen zur Pr\u00fcfung der Beschaffenheit, Eigenschaften und Funktionsweisen der Waren nicht notwendigen Umgang mit ihnen zur\u00fcckzuf\u00fchren ist. Unter &#8222;Pr\u00fcfung der Eigenschaften und der Funktionsweise&#8220; versteht man das Testen und Ausprobieren der jeweiligen Ware, wie es etwa im Ladengesch\u00e4ft m\u00f6glich und \u00fcblich ist. Im \u00dcbrigen k\u00f6nnen Sie die Wertersatzpflicht vermeiden, indem Sie die Sache nicht wie ein Eigent\u00fcmer in Gebrauch nehmen und alles unterlassen, was deren Wert beeintr\u00e4chtigt.<br \/>\n<strong>Reklamation<\/strong><br \/>\nSollten Artikel Material- oder Herstellungsfehler aufweisen, sind diese umgehend zu reklamieren.<br \/>\n<strong>Eigentumsvorbehalt<\/strong><br \/>\nBis zur vollst\u00e4ndigen Bezahlung bleibt die Ware Eigentum der Firma Verlag Siebzehn \/ Atelier Poessnecker, Am Rottland 6, 65385 R\u00fcdesheim am Rhein.<br \/>\n<strong>Redaktion:<\/strong><br \/>\nVerlag Siebzehn \/ Atelier Poessnecker, Am Rottland 6, 65385 R\u00fcdesheim am Rhein.<br \/>\n<strong>Haftung:<\/strong><br \/>\nDas Internet-Angebot von Verlag Siebzehn ist sorgf\u00e4ltig erarbeitet worden. Jedoch weder Autoren noch Redaktion und Verlag Siebzehn k\u00f6nnen f\u00fcr eventuelle Nachteile oder Sch\u00e4den, die aus den aufgef\u00fchrten Informationen, Empfehlungen oder Hinweisen resultieren, eine Haftung \u00fcbernehmen.<br \/>\n<strong>Preisstand: 15.07. 2014<\/strong><br \/>\nDie Preise in EUR sind gebundene Ladenpreise. Preis- und Ausstattungs\u00e4nderungen vorbehalten.<br \/>\n<strong>Datenschutz<\/strong><br \/>\n\u00a9 2014 Verlag Siebzehn \/ Atelier Poessnecker, 65385 R\u00fcdesheim am Rhein.<br \/>\nAlle Rechte vorbehalten. Struktur und Inhalt der Website sind urheberrechtlich gesch\u00fctzt. Die Vervielf\u00e4ltigung von Informationen oder Daten, insbesondere die Verwendung von Texten, Textteilen oder Bildmaterial, bedarf der vorherigen Zustimmung des Verlages.<br \/>\n<strong>Rechtlicher Hinweis<\/strong><br \/>\nAn dieser Stelle weisen wir darauf hin, dass der Verlag Siebzehn, bedingt durch die technischen Gegebenheiten des Internet, keine rechtliche Verantwortung f\u00fcr den Inhalt der m\u00f6glichen Links dieser Website \u00fcbernehmen kann. Die rechtliche Verantwortung liegt hier ausschlie\u00dflich bei den Betreibern dieser Seiten. Gleichzeitig distanzieren wir uns ausdr\u00fccklich von allen etwaigen rechtswidrigen Inhalten dieser Seiten oder etwaigen weiterf\u00fchrenden Hyperlinks mit rechtswidrigen oder anst\u00f6\u00dfigen Inhalten. Falls Sie von unserer Site aus wider Erwarten zu fragw\u00fcrdigen Inhalten weiterverbunden werden sollten, sind wir Ihnen f\u00fcr einen Hinweis unter theater@verlag-siebzehn.de sehr dankbar. Wir werden diesem Hinweis dann so rasch wie m\u00f6glich nachgehen.<\/p>\n<hr \/>\n<p><img decoding=\"async\" loading=\"lazy\" class=\"alignnone wp-image-696 size-medium\" src=\"https:\/\/verlag-siebzehn.de\/wp-content\/uploads\/2014\/08\/Verlag-Siebzehn-Logo-20141-300x96.jpg\" alt=\"Verlag Siebzehn Logo 2014\" width=\"300\" height=\"96\" \/><\/p>\n<p><strong>Impressum<\/strong><\/p>\n<p>Verlag Siebzehn \/ Atelier Poessnecker<br \/>\nInhaber: Ulrich Poessnecker<\/p>\n<p>Am Rottland 6<br \/>\n65385 R\u00fcdesheim am Rhein<br \/>\nTel. + 49-(0)6722-9372474<br \/>\ntheater@verlag-siebzehn.de<\/p>\n<p>atelier-poessnecker@gmx.de<\/p>\n<p>Verlagsnummer: 978-3-945422<br \/>\nSteuernr.: 37 857 00549<\/p>\n","protected":false},"excerpt":{"rendered":"<p>Versandkosten Verlag Siebzehn liefert ohne Mindestbestellwert bei Lieferungen innerhalb Deutschlands. Die anteiligen Versandkosten betragen je Lieferung EUR 2,&#8211;. Ab einem Warenwert von EUR 50,&#8211; liefern wir innerhalb Deutschlands versandkostenfrei. Bei Lieferungen ins Ausland: Bei Lieferungen ins Ausland fallen je Lieferung zus\u00e4tzlich zum Warenwert die realen Versandkosten an. Lieferungen ins Ausland sind nur m\u00f6glich gegen Vorauskasse. &#8230; <span class=\"more\"><a class=\"more-link\" href=\"https:\/\/verlag-siebzehn.de\/?page_id=78\">[Read more&#8230;]<\/a><\/span><\/p>\n","protected":false},"author":2,"featured_media":0,"parent":0,"menu_order":7,"comment_status":"closed","ping_status":"closed","template":"","meta":[],"_links":{"self":[{"href":"https:\/\/verlag-siebzehn.de\/index.php?rest_route=\/wp\/v2\/pages\/78"}],"collection":[{"href":"https:\/\/verlag-siebzehn.de\/index.php?rest_route=\/wp\/v2\/pages"}],"about":[{"href":"https:\/\/verlag-siebzehn.de\/index.php?rest_route=\/wp\/v2\/types\/page"}],"author":[{"embeddable":true,"href":"https:\/\/verlag-siebzehn.de\/index.php?rest_route=\/wp\/v2\/users\/2"}],"replies":[{"embeddable":true,"href":"https:\/\/verlag-siebzehn.de\/index.php?rest_route=%2Fwp%2Fv2%2Fcomments&post=78"}],"version-history":[{"count":11,"href":"https:\/\/verlag-siebzehn.de\/index.php?rest_route=\/wp\/v2\/pages\/78\/revisions"}],"predecessor-version":[{"id":1243,"href":"https:\/\/verlag-siebzehn.de\/index.php?rest_route=\/wp\/v2\/pages\/78\/revisions\/1243"}],"wp:attachment":[{"href":"https:\/\/verlag-siebzehn.de\/index.php?rest_route=%2Fwp%2Fv2%2Fmedia&parent=78"}],"curies":[{"name":"wp","href":"https:\/\/api.w.org\/{rel}","templated":true}]}}